{"id":20,"date":"2022-04-07T02:15:40","date_gmt":"2022-04-07T05:15:40","guid":{"rendered":"http:\/\/abhd.org.br\/?page_id=20"},"modified":"2022-04-30T01:57:18","modified_gmt":"2022-04-30T04:57:18","slug":"publicacoes","status":"publish","type":"page","link":"https:\/\/abhd.org.br\/?page_id=20","title":{"rendered":"Publica\u00e7\u00f5es"},"content":{"rendered":"\t\t<div data-elementor-type=\"wp-page\" data-elementor-id=\"20\" class=\"elementor elementor-20\">\n\t\t\t\t\t\t\t\t\t<section class=\"elementor-section elementor-top-section elementor-element elementor-element-97d161f elementor-section-height-min-height elementor-section-boxed elementor-section-height-default elementor-section-items-middle\" data-id=\"97d161f\" data-element_type=\"section\" data-settings=\"{&quot;background_background&quot;:&quot;classic&quot;}\">\n\t\t\t\t\t\t<div class=\"elementor-container elementor-column-gap-default\">\n\t\t\t\t\t<div class=\"elementor-column elementor-col-100 elementor-top-column elementor-element elementor-element-66168b3\" data-id=\"66168b3\" data-element_type=\"column\">\n\t\t\t<div class=\"elementor-widget-wrap elementor-element-populated\">\n\t\t\t\t\t\t\t\t<div class=\"elementor-element elementor-element-fb1eea1 elementor-widget elementor-widget-heading\" data-id=\"fb1eea1\" data-element_type=\"widget\" data-widget_type=\"heading.default\">\n\t\t\t\t<div class=\"elementor-widget-container\">\n\t\t\t<style>\/*! elementor - v3.6.2 - 04-04-2022 *\/\n.elementor-heading-title{padding:0;margin:0;line-height:1}.elementor-widget-heading .elementor-heading-title[class*=elementor-size-]>a{color:inherit;font-size:inherit;line-height:inherit}.elementor-widget-heading .elementor-heading-title.elementor-size-small{font-size:15px}.elementor-widget-heading .elementor-heading-title.elementor-size-medium{font-size:19px}.elementor-widget-heading .elementor-heading-title.elementor-size-large{font-size:29px}.elementor-widget-heading .elementor-heading-title.elementor-size-xl{font-size:39px}.elementor-widget-heading .elementor-heading-title.elementor-size-xxl{font-size:59px}<\/style><h2 class=\"elementor-heading-title elementor-size-default\">Publica\u00e7\u00f5es<\/h2>\t\t<\/div>\n\t\t\t\t<\/div>\n\t\t\t\t\t<\/div>\n\t\t<\/div>\n\t\t\t\t\t\t\t<\/div>\n\t\t<\/section>\n\t\t\t\t<section class=\"elementor-section elementor-top-section elementor-element elementor-element-779bd95 elementor-section-boxed elementor-section-height-default elementor-section-height-default\" data-id=\"779bd95\" data-element_type=\"section\">\n\t\t\t\t\t\t<div class=\"elementor-container elementor-column-gap-default\">\n\t\t\t\t\t<div class=\"elementor-column elementor-col-100 elementor-top-column elementor-element elementor-element-013fa43\" data-id=\"013fa43\" data-element_type=\"column\">\n\t\t\t<div class=\"elementor-widget-wrap elementor-element-populated\">\n\t\t\t\t\t\t\t\t<div class=\"elementor-element elementor-element-a6d2c64 elementor-widget elementor-widget-spacer\" data-id=\"a6d2c64\" data-element_type=\"widget\" data-widget_type=\"spacer.default\">\n\t\t\t\t<div class=\"elementor-widget-container\">\n\t\t\t<style>\/*! elementor - v3.6.2 - 04-04-2022 *\/\n.e-container.e-container--row .elementor-spacer-inner{width:var(--spacer-size)}.e-container.e-container--column .elementor-spacer-inner,.elementor-column .elementor-spacer-inner{height:var(--spacer-size)}<\/style>\t\t<div class=\"elementor-spacer\">\n\t\t\t<div class=\"elementor-spacer-inner\"><\/div>\n\t\t<\/div>\n\t\t\t\t<\/div>\n\t\t\t\t<\/div>\n\t\t\t\t\t<\/div>\n\t\t<\/div>\n\t\t\t\t\t\t\t<\/div>\n\t\t<\/section>\n\t\t\t\t<section class=\"elementor-section elementor-top-section elementor-element elementor-element-4f78045 elementor-section-boxed elementor-section-height-default elementor-section-height-default\" data-id=\"4f78045\" data-element_type=\"section\">\n\t\t\t\t\t\t<div class=\"elementor-container elementor-column-gap-wider\">\n\t\t\t\t\t<div class=\"elementor-column elementor-col-100 elementor-top-column elementor-element elementor-element-8c5c1a5\" data-id=\"8c5c1a5\" data-element_type=\"column\">\n\t\t\t<div class=\"elementor-widget-wrap elementor-element-populated\">\n\t\t\t\t\t\t\t\t<div class=\"elementor-element elementor-element-37fad3e content-align-cta-default elementor-widget elementor-widget-eael-cta-box\" data-id=\"37fad3e\" data-element_type=\"widget\" data-widget_type=\"eael-cta-box.default\">\n\t\t\t\t<div class=\"elementor-widget-container\">\n\t\t\t\t\t<div class=\"eael-call-to-action cta-basic bg-img bg-fixed cta-preset-2\">\n        <h4 class=\"sub-title\">Revista<\/h4><h2 class=\"title\">RBHD - Revista Brasileira em Humanidades Digitais<\/h2><p><p>Uma publica\u00e7\u00e3o peri\u00f3dica semestral com o objetivo divulgar estudos te\u00f3ricos e aplicados no campo transdisciplinar das humanidades digitais.<\/p><\/p><a href=\"http:\/\/abhd.org.br\/ojs2\/ojs-3.3.0-9\/index.php\/rbhd\/index\" class=\"cta-button cta-btn-preset-1 \">Acesse aqui<\/a>\t<\/div>\n\t\t\t\t\t\t<\/div>\n\t\t\t\t<\/div>\n\t\t\t\t\t<\/div>\n\t\t<\/div>\n\t\t\t\t\t\t\t<\/div>\n\t\t<\/section>\n\t\t\t\t<section class=\"elementor-section elementor-top-section elementor-element elementor-element-c8f8b68 elementor-section-boxed elementor-section-height-default elementor-section-height-default\" data-id=\"c8f8b68\" data-element_type=\"section\">\n\t\t\t\t\t\t<div class=\"elementor-container elementor-column-gap-wider\">\n\t\t\t\t\t<div class=\"elementor-column elementor-col-100 elementor-top-column elementor-element elementor-element-1d723e7\" data-id=\"1d723e7\" data-element_type=\"column\">\n\t\t\t<div class=\"elementor-widget-wrap elementor-element-populated\">\n\t\t\t\t\t\t\t\t<div class=\"elementor-element elementor-element-cedc2a3 content-align-cta-default elementor-widget elementor-widget-eael-cta-box\" data-id=\"cedc2a3\" data-element_type=\"widget\" data-widget_type=\"eael-cta-box.default\">\n\t\t\t\t<div class=\"elementor-widget-container\">\n\t\t\t\t\t<div class=\"eael-call-to-action cta-basic bg-img bg-fixed cta-preset-2\">\n        <h4 class=\"sub-title\">Resumo dos Artigos<\/h4><h2 class=\"title\">Caderno de Resumos do HDRio20\/21<\/h2><p><p>Com o tema \u201cEncruzilhadas Contempor\u00e2neas\u201d, o HDRio20\/21 teve a participa\u00e7\u00e3o de diversos pensadores, pesquisadores, artistas, entre outros para\u00a0 refletir sobre as encruzilhadas para a vida na contemporaneidade.<\/p><\/p><a href=\"http:\/\/abhd.org.br\/ojs2\/ojs-3.3.0-9\/index.php\/rbhd\/issue\/view\/1\" class=\"cta-button cta-btn-preset-1 \">Acesse aqui<\/a>\t<\/div>\n\t\t\t\t\t\t<\/div>\n\t\t\t\t<\/div>\n\t\t\t\t\t<\/div>\n\t\t<\/div>\n\t\t\t\t\t\t\t<\/div>\n\t\t<\/section>\n\t\t\t\t<section class=\"elementor-section elementor-top-section elementor-element elementor-element-8ff1d8f elementor-section-boxed elementor-section-height-default elementor-section-height-default\" data-id=\"8ff1d8f\" data-element_type=\"section\">\n\t\t\t\t\t\t<div class=\"elementor-container elementor-column-gap-wider\">\n\t\t\t\t\t<div class=\"elementor-column elementor-col-100 elementor-top-column elementor-element elementor-element-76bd895\" data-id=\"76bd895\" data-element_type=\"column\">\n\t\t\t<div class=\"elementor-widget-wrap elementor-element-populated\">\n\t\t\t\t\t\t\t\t<div class=\"elementor-element elementor-element-522c415 content-align-cta-default elementor-widget elementor-widget-eael-cta-box\" data-id=\"522c415\" data-element_type=\"widget\" data-widget_type=\"eael-cta-box.default\">\n\t\t\t\t<div class=\"elementor-widget-container\">\n\t\t\t\t\t<div class=\"eael-call-to-action cta-basic bg-img bg-fixed cta-preset-2\">\n        <h4 class=\"sub-title\">Anais<\/h4><h2 class=\"title\">I Congresso Internacional em Humanidades Digitais no Rio de Janeiro - 2018<\/h2><p><p>Os trabalhos\u00a0 apresentados durante o Congresso nas modalidades de comunica\u00e7\u00e3o coordenada e sess\u00e3o de p\u00f4steres, ap\u00f3s pr\u00e9via avalia\u00e7\u00e3o por pares, seguida de aprova\u00e7\u00e3o pela Comiss\u00e3o Cient\u00edfica do Congresso.<\/p><\/p><a href=\"https:\/\/bibliotecadigital.fgv.br\/dspace\/handle\/10438\/25729\" class=\"cta-button cta-btn-preset-1 \">Acesse aqui<\/a>\t<\/div>\n\t\t\t\t\t\t<\/div>\n\t\t\t\t<\/div>\n\t\t\t\t\t<\/div>\n\t\t<\/div>\n\t\t\t\t\t\t\t<\/div>\n\t\t<\/section>\n\t\t\t\t<section class=\"elementor-section elementor-top-section elementor-element elementor-element-1ac12d2 elementor-section-boxed elementor-section-height-default elementor-section-height-default\" data-id=\"1ac12d2\" data-element_type=\"section\">\n\t\t\t\t\t\t<div class=\"elementor-container elementor-column-gap-default\">\n\t\t\t\t\t<div class=\"elementor-column elementor-col-100 elementor-top-column elementor-element elementor-element-9f2f98b\" data-id=\"9f2f98b\" data-element_type=\"column\">\n\t\t\t<div class=\"elementor-widget-wrap elementor-element-populated\">\n\t\t\t\t\t\t\t\t<div class=\"elementor-element elementor-element-dcc3153 elementor-widget elementor-widget-spacer\" data-id=\"dcc3153\" data-element_type=\"widget\" data-widget_type=\"spacer.default\">\n\t\t\t\t<div class=\"elementor-widget-container\">\n\t\t\t\t\t<div class=\"elementor-spacer\">\n\t\t\t<div class=\"elementor-spacer-inner\"><\/div>\n\t\t<\/div>\n\t\t\t\t<\/div>\n\t\t\t\t<\/div>\n\t\t\t\t\t<\/div>\n\t\t<\/div>\n\t\t\t\t\t\t\t<\/div>\n\t\t<\/section>\n\t\t\t\t\t\t\t<\/div>\n\t\t","protected":false},"excerpt":{"rendered":"<p>Publica\u00e7\u00f5es Revista RBHD &#8211; Revista Brasileira em Humanidades Digitais Uma publica\u00e7\u00e3o peri\u00f3dica semestral com o objetivo divulgar estudos te\u00f3ricos e aplicados no campo transdisciplinar das humanidades digitais. Acesse aqui Resumo dos Artigos Caderno de Resumos do HDRio20\/21 Com o tema \u201cEncruzilhadas Contempor\u00e2neas\u201d, o HDRio20\/21 teve a participa\u00e7\u00e3o de diversos pensadores, pesquisadores, artistas, entre outros para\u00a0 &hellip;<\/p>\n<p class=\"read-more\"> <a class=\"\" href=\"https:\/\/abhd.org.br\/?page_id=20\"> <span class=\"screen-reader-text\">Publica\u00e7\u00f5es<\/span> Read More &raquo;<\/a><\/p>\n","protected":false},"author":1,"featured_media":0,"parent":0,"menu_order":0,"comment_status":"closed","ping_status":"closed","template":"","meta":{"site-sidebar-layout":"no-sidebar","site-content-layout":"page-builder","ast-main-header-display":"","ast-hfb-above-header-display":"","ast-hfb-below-header-display":"","ast-hfb-mobile-header-display":"","site-post-title":"disabled","ast-breadcrumbs-content":"","ast-featured-img":"disabled","footer-sml-layout":"","theme-transparent-header-meta":"","adv-header-id-meta":"","stick-header-meta":"","header-above-stick-meta":"","header-main-stick-meta":"","header-below-stick-meta":"","footnotes":""},"class_list":["post-20","page","type-page","status-publish","hentry"],"_links":{"self":[{"href":"https:\/\/abhd.org.br\/index.php?rest_route=\/wp\/v2\/pages\/20","targetHints":{"allow":["GET"]}}],"collection":[{"href":"https:\/\/abhd.org.br\/index.php?rest_route=\/wp\/v2\/pages"}],"about":[{"href":"https:\/\/abhd.org.br\/index.php?rest_route=\/wp\/v2\/types\/page"}],"author":[{"embeddable":true,"href":"https:\/\/abhd.org.br\/index.php?rest_route=\/wp\/v2\/users\/1"}],"replies":[{"embeddable":true,"href":"https:\/\/abhd.org.br\/index.php?rest_route=%2Fwp%2Fv2%2Fcomments&post=20"}],"version-history":[{"count":7,"href":"https:\/\/abhd.org.br\/index.php?rest_route=\/wp\/v2\/pages\/20\/revisions"}],"predecessor-version":[{"id":183,"href":"https:\/\/abhd.org.br\/index.php?rest_route=\/wp\/v2\/pages\/20\/revisions\/183"}],"wp:attachment":[{"href":"https:\/\/abhd.org.br\/index.php?rest_route=%2Fwp%2Fv2%2Fmedia&parent=20"}],"curies":[{"name":"wp","href":"https:\/\/api.w.org\/{rel}","templated":true}]}}